{"id":992,"date":"2023-11-06T11:18:34","date_gmt":"2023-11-06T11:18:34","guid":{"rendered":"https:\/\/elastic-neumann.82-165-29-53.plesk.page\/?post_type=product&#038;p=992"},"modified":"2024-06-06T09:51:53","modified_gmt":"2024-06-06T09:51:53","slug":"boucles-doreilles-zaiko-z","status":"publish","type":"product","link":"https:\/\/staging-00-20240617-1237.kizacreations.com\/index.php\/produit\/boucles-doreilles-zaiko-z\/","title":{"rendered":"Za\u00efko"},"content":{"rendered":"<p>Avec beaucoup de patience et d&#8217;attention, Kiza Creations obtient ce joli mod\u00e8le enti\u00e8rement tiss\u00e9 de perles de rocaille. Pour une touche bien naturelle, une larme de Job vient sublimer cette paire de boucle d&#8217;oreille.<\/p>\n<p><em>Note: temps de confection de 6h<\/em><\/p>\n","protected":false},"excerpt":{"rendered":"<p>Avec beaucoup de patience et d&#8217;attention, Kiza Creations obtient ce joli mod\u00e8le enti\u00e8rement tiss\u00e9 de perles de rocaille. Pour une touche bien naturelle, une larme de Job vient sublimer cette paire de boucle d&#8217;oreille. Note: temps de confection de 6h<\/p>\n","protected":false},"featured_media":1821,"comment_status":"open","ping_status":"closed","template":"","meta":[],"product_cat":[77,22,26],"product_tag":[],"class_list":{"0":"post-992","1":"product","2":"type-product","3":"status-publish","4":"has-post-thumbnail","6":"product_cat-bijoux","7":"product_cat-boucles-d-oreilles","8":"product_cat-zaiko","10":"first","11":"instock","12":"shipping-taxable","13":"purchasable","14":"product-type-variable"},"_links":{"self":[{"href":"https:\/\/staging-00-20240617-1237.kizacreations.com\/index.php\/wp-json\/wp\/v2\/product\/992","targetHints":{"allow":["GET"]}}],"collection":[{"href":"https:\/\/staging-00-20240617-1237.kizacreations.com\/index.php\/wp-json\/wp\/v2\/product"}],"about":[{"href":"https:\/\/staging-00-20240617-1237.kizacreations.com\/index.php\/wp-json\/wp\/v2\/types\/product"}],"replies":[{"embeddable":true,"href":"https:\/\/staging-00-20240617-1237.kizacreations.com\/index.php\/wp-json\/wp\/v2\/comments?post=992"}],"wp:featuredmedia":[{"embeddable":true,"href":"https:\/\/staging-00-20240617-1237.kizacreations.com\/index.php\/wp-json\/wp\/v2\/media\/1821"}],"wp:attachment":[{"href":"https:\/\/staging-00-20240617-1237.kizacreations.com\/index.php\/wp-json\/wp\/v2\/media?parent=992"}],"wp:term":[{"taxonomy":"product_cat","embeddable":true,"href":"https:\/\/staging-00-20240617-1237.kizacreations.com\/index.php\/wp-json\/wp\/v2\/product_cat?post=992"},{"taxonomy":"product_tag","embeddable":true,"href":"https:\/\/staging-00-20240617-1237.kizacreations.com\/index.php\/wp-json\/wp\/v2\/product_tag?post=992"}],"curies":[{"name":"wp","href":"https:\/\/api.w.org\/{rel}","templated":true}]}}