{"id":986,"date":"2023-11-06T11:05:52","date_gmt":"2023-11-06T11:05:52","guid":{"rendered":"https:\/\/elastic-neumann.82-165-29-53.plesk.page\/?post_type=product&#038;p=986"},"modified":"2024-06-06T13:19:34","modified_gmt":"2024-06-06T13:19:34","slug":"boucles-doreilles-zaiko-mosaique","status":"publish","type":"product","link":"https:\/\/staging-00-20240617-1237.kizacreations.com\/index.php\/produit\/boucles-doreilles-zaiko-mosaique\/","title":{"rendered":"Fila"},"content":{"rendered":"<p>A l&#8217;allure d&#8217;une ruche ou d&#8217;un ananas, solide et l\u00e9g\u00e8re, la graine de Filao nous plonge en pleine nature \u00e0 travers ce joli mod\u00e8le de boucles d&#8217;oreilles.<\/p>\n","protected":false},"excerpt":{"rendered":"<p>A l&#8217;allure d&#8217;une ruche ou d&#8217;un ananas, solide et l\u00e9g\u00e8re, la graine de Filao nous plonge en pleine nature \u00e0 travers ce joli mod\u00e8le de boucles d&#8217;oreilles.<\/p>\n","protected":false},"featured_media":1826,"comment_status":"open","ping_status":"closed","template":"","meta":[],"product_cat":[77,22,31,26],"product_tag":[],"class_list":{"0":"post-986","1":"product","2":"type-product","3":"status-publish","4":"has-post-thumbnail","6":"product_cat-bijoux","7":"product_cat-boucles-d-oreilles","8":"product_cat-fila","9":"product_cat-zaiko","11":"first","12":"instock","13":"shipping-taxable","14":"purchasable","15":"product-type-variable"},"_links":{"self":[{"href":"https:\/\/staging-00-20240617-1237.kizacreations.com\/index.php\/wp-json\/wp\/v2\/product\/986","targetHints":{"allow":["GET"]}}],"collection":[{"href":"https:\/\/staging-00-20240617-1237.kizacreations.com\/index.php\/wp-json\/wp\/v2\/product"}],"about":[{"href":"https:\/\/staging-00-20240617-1237.kizacreations.com\/index.php\/wp-json\/wp\/v2\/types\/product"}],"replies":[{"embeddable":true,"href":"https:\/\/staging-00-20240617-1237.kizacreations.com\/index.php\/wp-json\/wp\/v2\/comments?post=986"}],"wp:featuredmedia":[{"embeddable":true,"href":"https:\/\/staging-00-20240617-1237.kizacreations.com\/index.php\/wp-json\/wp\/v2\/media\/1826"}],"wp:attachment":[{"href":"https:\/\/staging-00-20240617-1237.kizacreations.com\/index.php\/wp-json\/wp\/v2\/media?parent=986"}],"wp:term":[{"taxonomy":"product_cat","embeddable":true,"href":"https:\/\/staging-00-20240617-1237.kizacreations.com\/index.php\/wp-json\/wp\/v2\/product_cat?post=986"},{"taxonomy":"product_tag","embeddable":true,"href":"https:\/\/staging-00-20240617-1237.kizacreations.com\/index.php\/wp-json\/wp\/v2\/product_tag?post=986"}],"curies":[{"name":"wp","href":"https:\/\/api.w.org\/{rel}","templated":true}]}}