{"id":955,"date":"2023-11-06T10:55:13","date_gmt":"2023-11-06T10:55:13","guid":{"rendered":"https:\/\/elastic-neumann.82-165-29-53.plesk.page\/?post_type=product&#038;p=955"},"modified":"2024-06-06T13:39:12","modified_gmt":"2024-06-06T13:39:12","slug":"boucles-doreilles-winter-caps","status":"publish","type":"product","link":"https:\/\/staging-00-20240617-1237.kizacreations.com\/index.php\/produit\/boucles-doreilles-winter-caps\/","title":{"rendered":"Winter Caps"},"content":{"rendered":"<p>Kiza Creations vous propose une belle alliance entre le surcyclage d&#8217;une capsule de canette et du carton de boite de lait. Mis en couleur avec des chutes de laine crochet\u00e9es et du tissus, ce mod\u00e8le de boucles d&#8217;oreilles vous donnera une touche d&#8217;originalit\u00e9 en toute occasion.<\/p>\n","protected":false},"excerpt":{"rendered":"<p>Kiza Creations vous propose une belle alliance entre le surcyclage d&#8217;une capsule de canette et du carton de boite de lait. Mis en couleur avec des chutes de laine crochet\u00e9es et du tissus, ce mod\u00e8le de boucles d&#8217;oreilles vous donnera une touche d&#8217;originalit\u00e9 en toute occasion.<\/p>\n","protected":false},"featured_media":1600,"comment_status":"open","ping_status":"closed","template":"","meta":[],"product_cat":[77,22,27],"product_tag":[],"class_list":{"0":"post-955","1":"product","2":"type-product","3":"status-publish","4":"has-post-thumbnail","6":"product_cat-bijoux","7":"product_cat-boucles-d-oreilles","8":"product_cat-winter-caps","10":"first","11":"instock","12":"shipping-taxable","13":"purchasable","14":"product-type-variable"},"_links":{"self":[{"href":"https:\/\/staging-00-20240617-1237.kizacreations.com\/index.php\/wp-json\/wp\/v2\/product\/955","targetHints":{"allow":["GET"]}}],"collection":[{"href":"https:\/\/staging-00-20240617-1237.kizacreations.com\/index.php\/wp-json\/wp\/v2\/product"}],"about":[{"href":"https:\/\/staging-00-20240617-1237.kizacreations.com\/index.php\/wp-json\/wp\/v2\/types\/product"}],"replies":[{"embeddable":true,"href":"https:\/\/staging-00-20240617-1237.kizacreations.com\/index.php\/wp-json\/wp\/v2\/comments?post=955"}],"wp:featuredmedia":[{"embeddable":true,"href":"https:\/\/staging-00-20240617-1237.kizacreations.com\/index.php\/wp-json\/wp\/v2\/media\/1600"}],"wp:attachment":[{"href":"https:\/\/staging-00-20240617-1237.kizacreations.com\/index.php\/wp-json\/wp\/v2\/media?parent=955"}],"wp:term":[{"taxonomy":"product_cat","embeddable":true,"href":"https:\/\/staging-00-20240617-1237.kizacreations.com\/index.php\/wp-json\/wp\/v2\/product_cat?post=955"},{"taxonomy":"product_tag","embeddable":true,"href":"https:\/\/staging-00-20240617-1237.kizacreations.com\/index.php\/wp-json\/wp\/v2\/product_tag?post=955"}],"curies":[{"name":"wp","href":"https:\/\/api.w.org\/{rel}","templated":true}]}}