{"id":1501,"date":"2024-02-24T11:06:58","date_gmt":"2024-02-24T11:06:58","guid":{"rendered":"https:\/\/elastic-neumann.82-165-29-53.plesk.page\/?post_type=product&#038;p=1501"},"modified":"2024-06-05T13:57:08","modified_gmt":"2024-06-05T13:57:08","slug":"compositions-florales","status":"publish","type":"product","link":"https:\/\/staging-00-20240617-1237.kizacreations.com\/index.php\/produit\/compositions-florales\/","title":{"rendered":"Compositions Florales"},"content":{"rendered":"<p>Nos roses dites &#8220;Perp\u00e9tuelles&#8221; sont des produits r\u00e9alis\u00e9s \u00e0 la main \u00e0 base de chutes de tissus divers, venant de tous les horizons. D&#8217;un aspect au plus r\u00e9aliste possible, cette composition florale revalorisant une simple boite de mouchoir donnera vie \u00e0 votre int\u00e9rieur sans jamais mourir.<\/p>\n","protected":false},"excerpt":{"rendered":"<p>Nos roses dites &#8220;Perp\u00e9tuelles&#8221; sont des produits r\u00e9alis\u00e9s \u00e0 la main \u00e0 base de chutes de tissus divers, venant de tous les horizons. D&#8217;un aspect au plus r\u00e9aliste possible, cette composition florale revalorisant une simple boite de mouchoir donnera vie \u00e0 votre int\u00e9rieur sans jamais mourir.<\/p>\n","protected":false},"featured_media":1583,"comment_status":"open","ping_status":"closed","template":"","meta":[],"product_cat":[69,25],"product_tag":[],"class_list":{"0":"post-1501","1":"product","2":"type-product","3":"status-publish","4":"has-post-thumbnail","6":"product_cat-home-deco","7":"product_cat-roses-perpetuelles","9":"first","10":"instock","11":"shipping-taxable","12":"purchasable","13":"product-type-variable"},"_links":{"self":[{"href":"https:\/\/staging-00-20240617-1237.kizacreations.com\/index.php\/wp-json\/wp\/v2\/product\/1501","targetHints":{"allow":["GET"]}}],"collection":[{"href":"https:\/\/staging-00-20240617-1237.kizacreations.com\/index.php\/wp-json\/wp\/v2\/product"}],"about":[{"href":"https:\/\/staging-00-20240617-1237.kizacreations.com\/index.php\/wp-json\/wp\/v2\/types\/product"}],"replies":[{"embeddable":true,"href":"https:\/\/staging-00-20240617-1237.kizacreations.com\/index.php\/wp-json\/wp\/v2\/comments?post=1501"}],"wp:featuredmedia":[{"embeddable":true,"href":"https:\/\/staging-00-20240617-1237.kizacreations.com\/index.php\/wp-json\/wp\/v2\/media\/1583"}],"wp:attachment":[{"href":"https:\/\/staging-00-20240617-1237.kizacreations.com\/index.php\/wp-json\/wp\/v2\/media?parent=1501"}],"wp:term":[{"taxonomy":"product_cat","embeddable":true,"href":"https:\/\/staging-00-20240617-1237.kizacreations.com\/index.php\/wp-json\/wp\/v2\/product_cat?post=1501"},{"taxonomy":"product_tag","embeddable":true,"href":"https:\/\/staging-00-20240617-1237.kizacreations.com\/index.php\/wp-json\/wp\/v2\/product_tag?post=1501"}],"curies":[{"name":"wp","href":"https:\/\/api.w.org\/{rel}","templated":true}]}}