{"id":1462,"date":"2024-02-09T13:01:35","date_gmt":"2024-02-09T13:01:35","guid":{"rendered":"https:\/\/elastic-neumann.82-165-29-53.plesk.page\/?post_type=product&#038;p=1462"},"modified":"2024-06-05T14:34:29","modified_gmt":"2024-06-05T14:34:29","slug":"muishi-muishi","status":"publish","type":"product","link":"https:\/\/staging-00-20240617-1237.kizacreations.com\/index.php\/produit\/muishi-muishi\/","title":{"rendered":"Muishi Muishi"},"content":{"rendered":"<p>Kiza Creations vous propose ce mod\u00e8le de bracelet r\u00e9alis\u00e9 \u00e0 la main, en acier inoxydable, disponible en couleur or ou argent, o\u00f9 la moindre petite chute de tissu trouve sa place. Prot\u00e9g\u00e9e par du verre, celle-ci viendra embellir votre poignet en toute occasion.<\/p>\n<p><em>Note: ne pas immerger dans l&#8217;eau<\/em><\/p>\n","protected":false},"excerpt":{"rendered":"<p>Kiza Creations vous propose ce mod\u00e8le de bracelet r\u00e9alis\u00e9 \u00e0 la main, en acier inoxydable, disponible en couleur or ou argent, o\u00f9 la moindre petite chute de tissu trouve sa place. Prot\u00e9g\u00e9e par du verre, celle-ci viendra embellir votre poignet en toute occasion. Note: ne pas immerger dans l&#8217;eau<\/p>\n","protected":false},"featured_media":1563,"comment_status":"open","ping_status":"closed","template":"","meta":[],"product_cat":[77,67,72],"product_tag":[],"class_list":{"0":"post-1462","1":"product","2":"type-product","3":"status-publish","4":"has-post-thumbnail","6":"product_cat-bijoux","7":"product_cat-bracelets","8":"product_cat-muishimuishi","10":"first","11":"instock","12":"shipping-taxable","13":"purchasable","14":"product-type-variable"},"_links":{"self":[{"href":"https:\/\/staging-00-20240617-1237.kizacreations.com\/index.php\/wp-json\/wp\/v2\/product\/1462","targetHints":{"allow":["GET"]}}],"collection":[{"href":"https:\/\/staging-00-20240617-1237.kizacreations.com\/index.php\/wp-json\/wp\/v2\/product"}],"about":[{"href":"https:\/\/staging-00-20240617-1237.kizacreations.com\/index.php\/wp-json\/wp\/v2\/types\/product"}],"replies":[{"embeddable":true,"href":"https:\/\/staging-00-20240617-1237.kizacreations.com\/index.php\/wp-json\/wp\/v2\/comments?post=1462"}],"wp:featuredmedia":[{"embeddable":true,"href":"https:\/\/staging-00-20240617-1237.kizacreations.com\/index.php\/wp-json\/wp\/v2\/media\/1563"}],"wp:attachment":[{"href":"https:\/\/staging-00-20240617-1237.kizacreations.com\/index.php\/wp-json\/wp\/v2\/media?parent=1462"}],"wp:term":[{"taxonomy":"product_cat","embeddable":true,"href":"https:\/\/staging-00-20240617-1237.kizacreations.com\/index.php\/wp-json\/wp\/v2\/product_cat?post=1462"},{"taxonomy":"product_tag","embeddable":true,"href":"https:\/\/staging-00-20240617-1237.kizacreations.com\/index.php\/wp-json\/wp\/v2\/product_tag?post=1462"}],"curies":[{"name":"wp","href":"https:\/\/api.w.org\/{rel}","templated":true}]}}