{"id":1457,"date":"2024-02-09T12:25:13","date_gmt":"2024-02-09T12:25:13","guid":{"rendered":"https:\/\/elastic-neumann.82-165-29-53.plesk.page\/?post_type=product&#038;p=1457"},"modified":"2024-06-05T14:35:26","modified_gmt":"2024-06-05T14:35:26","slug":"mahasa","status":"publish","type":"product","link":"https:\/\/staging-00-20240617-1237.kizacreations.com\/index.php\/produit\/mahasa\/","title":{"rendered":"Mahasa"},"content":{"rendered":"<p>Kiza Creations vous propose ses bagues r\u00e9alis\u00e9es \u00e0 la main.<\/p>\n<p>En acier inoxydable, de couleur or ou argent, ce mod\u00e8le ajustable \u00e0 toutes les tailles permet le surcyclage de la moindre petite miette de tissu. Prot\u00e9g\u00e9e par du verre, cette bague viendra embellir votre main en toute occasion.<\/p>\n<p><em>Note: ne pas immerger dans l&#8217;eau<\/em><\/p>\n","protected":false},"excerpt":{"rendered":"<p>En acier inoxydable, de couleur or ou argent, ce mod\u00e8le ajustable \u00e0 toutes les tailles permet le surcyclage de la moindre petite miette de tissu.<\/p>\n","protected":false},"featured_media":1575,"comment_status":"open","ping_status":"closed","template":"","meta":[],"product_cat":[66,77,73],"product_tag":[],"class_list":{"0":"post-1457","1":"product","2":"type-product","3":"status-publish","4":"has-post-thumbnail","6":"product_cat-bagues","7":"product_cat-bijoux","8":"product_cat-mahasa","10":"first","11":"instock","12":"shipping-taxable","13":"purchasable","14":"product-type-variable"},"_links":{"self":[{"href":"https:\/\/staging-00-20240617-1237.kizacreations.com\/index.php\/wp-json\/wp\/v2\/product\/1457","targetHints":{"allow":["GET"]}}],"collection":[{"href":"https:\/\/staging-00-20240617-1237.kizacreations.com\/index.php\/wp-json\/wp\/v2\/product"}],"about":[{"href":"https:\/\/staging-00-20240617-1237.kizacreations.com\/index.php\/wp-json\/wp\/v2\/types\/product"}],"replies":[{"embeddable":true,"href":"https:\/\/staging-00-20240617-1237.kizacreations.com\/index.php\/wp-json\/wp\/v2\/comments?post=1457"}],"wp:featuredmedia":[{"embeddable":true,"href":"https:\/\/staging-00-20240617-1237.kizacreations.com\/index.php\/wp-json\/wp\/v2\/media\/1575"}],"wp:attachment":[{"href":"https:\/\/staging-00-20240617-1237.kizacreations.com\/index.php\/wp-json\/wp\/v2\/media?parent=1457"}],"wp:term":[{"taxonomy":"product_cat","embeddable":true,"href":"https:\/\/staging-00-20240617-1237.kizacreations.com\/index.php\/wp-json\/wp\/v2\/product_cat?post=1457"},{"taxonomy":"product_tag","embeddable":true,"href":"https:\/\/staging-00-20240617-1237.kizacreations.com\/index.php\/wp-json\/wp\/v2\/product_tag?post=1457"}],"curies":[{"name":"wp","href":"https:\/\/api.w.org\/{rel}","templated":true}]}}