{"id":1455,"date":"2023-12-21T20:41:34","date_gmt":"2023-12-21T20:41:34","guid":{"rendered":"https:\/\/elastic-neumann.82-165-29-53.plesk.page\/?post_type=product&#038;p=1455"},"modified":"2024-06-06T07:57:34","modified_gmt":"2024-06-06T07:57:34","slug":"boucles-doreilles-demo","status":"publish","type":"product","link":"https:\/\/staging-00-20240617-1237.kizacreations.com\/index.php\/produit\/boucles-doreilles-demo\/","title":{"rendered":"Gold"},"content":{"rendered":"<p>Originales et \u00e9l\u00e9gantes, nos boucles d&#8217;oreilles &#8220;Gold&#8221; vous surprendront par leur l\u00e9g\u00e8ret\u00e9.<\/p>\n<p>Gr\u00e2ce au surcyclage du carton de boite de lait et de tissus originaux, vous aurez plaisir \u00e0 les porter en toute occasion.<\/p>\n","protected":false},"excerpt":{"rendered":"<p>Originales et \u00e9l\u00e9gantes, nos boucles d&#8217;oreilles &#8220;Gold&#8221; vous surprendront par leur l\u00e9g\u00e8ret\u00e9. Gr\u00e2ce au surcyclage du carton de boite de lait et de tissus originaux, vous aurez plaisir \u00e0 les porter en toute occasion.<\/p>\n","protected":false},"featured_media":1605,"comment_status":"open","ping_status":"closed","template":"","meta":[],"product_cat":[77,22,33],"product_tag":[],"class_list":{"0":"post-1455","1":"product","2":"type-product","3":"status-publish","4":"has-post-thumbnail","6":"product_cat-bijoux","7":"product_cat-boucles-d-oreilles","8":"product_cat-gold","10":"first","11":"instock","12":"shipping-taxable","13":"purchasable","14":"product-type-variable"},"_links":{"self":[{"href":"https:\/\/staging-00-20240617-1237.kizacreations.com\/index.php\/wp-json\/wp\/v2\/product\/1455","targetHints":{"allow":["GET"]}}],"collection":[{"href":"https:\/\/staging-00-20240617-1237.kizacreations.com\/index.php\/wp-json\/wp\/v2\/product"}],"about":[{"href":"https:\/\/staging-00-20240617-1237.kizacreations.com\/index.php\/wp-json\/wp\/v2\/types\/product"}],"replies":[{"embeddable":true,"href":"https:\/\/staging-00-20240617-1237.kizacreations.com\/index.php\/wp-json\/wp\/v2\/comments?post=1455"}],"wp:featuredmedia":[{"embeddable":true,"href":"https:\/\/staging-00-20240617-1237.kizacreations.com\/index.php\/wp-json\/wp\/v2\/media\/1605"}],"wp:attachment":[{"href":"https:\/\/staging-00-20240617-1237.kizacreations.com\/index.php\/wp-json\/wp\/v2\/media?parent=1455"}],"wp:term":[{"taxonomy":"product_cat","embeddable":true,"href":"https:\/\/staging-00-20240617-1237.kizacreations.com\/index.php\/wp-json\/wp\/v2\/product_cat?post=1455"},{"taxonomy":"product_tag","embeddable":true,"href":"https:\/\/staging-00-20240617-1237.kizacreations.com\/index.php\/wp-json\/wp\/v2\/product_tag?post=1455"}],"curies":[{"name":"wp","href":"https:\/\/api.w.org\/{rel}","templated":true}]}}