{"id":1054,"date":"2023-11-06T16:00:54","date_gmt":"2023-11-06T16:00:54","guid":{"rendered":"https:\/\/elastic-neumann.82-165-29-53.plesk.page\/?post_type=product&#038;p=1054"},"modified":"2024-06-06T08:10:08","modified_gmt":"2024-06-06T08:10:08","slug":"pendantifs-3","status":"publish","type":"product","link":"https:\/\/staging-00-20240617-1237.kizacreations.com\/index.php\/produit\/pendantifs-3\/","title":{"rendered":"Cauris"},"content":{"rendered":"<p>Traditionnellement utilis\u00e9 comme monnaie le cauri est un coquillage tr\u00e8s appr\u00e9ci\u00e9 de par son \u00e9l\u00e9gance et sa beaut\u00e9. Consid\u00e9r\u00e9 comme un porte-bonheur, symbole de bonne chance et de protection.<\/p>\n<p>Nos boucles d&#8217;oreilles, valorisant le surcyclage naturel du coquillage et celui du carton de boite de lait, trouveront gr\u00e2ce \u00e0 vos yeux pour vous accompagner en toute occasion.<\/p>\n<p>&nbsp;<\/p>\n","protected":false},"excerpt":{"rendered":"<p>Traditionnellement utilis\u00e9 comme monnaie le cauri est un coquillage tr\u00e8s appr\u00e9ci\u00e9 de par son \u00e9l\u00e9gance et sa beaut\u00e9. Consid\u00e9r\u00e9 comme un porte-bonheur, symbole de bonne chance et de protection. Nos boucles d&#8217;oreilles, valorisant le surcyclage naturel du coquillage et celui du carton de boite de lait, trouveront gr\u00e2ce \u00e0 vos yeux pour vous accompagner en [&hellip;]<\/p>\n","protected":false},"featured_media":1611,"comment_status":"open","ping_status":"closed","template":"","meta":[],"product_cat":[77,22,34],"product_tag":[],"class_list":{"0":"post-1054","1":"product","2":"type-product","3":"status-publish","4":"has-post-thumbnail","6":"product_cat-bijoux","7":"product_cat-boucles-d-oreilles","8":"product_cat-cauris","10":"first","11":"instock","12":"shipping-taxable","13":"purchasable","14":"product-type-variable"},"_links":{"self":[{"href":"https:\/\/staging-00-20240617-1237.kizacreations.com\/index.php\/wp-json\/wp\/v2\/product\/1054","targetHints":{"allow":["GET"]}}],"collection":[{"href":"https:\/\/staging-00-20240617-1237.kizacreations.com\/index.php\/wp-json\/wp\/v2\/product"}],"about":[{"href":"https:\/\/staging-00-20240617-1237.kizacreations.com\/index.php\/wp-json\/wp\/v2\/types\/product"}],"replies":[{"embeddable":true,"href":"https:\/\/staging-00-20240617-1237.kizacreations.com\/index.php\/wp-json\/wp\/v2\/comments?post=1054"}],"wp:featuredmedia":[{"embeddable":true,"href":"https:\/\/staging-00-20240617-1237.kizacreations.com\/index.php\/wp-json\/wp\/v2\/media\/1611"}],"wp:attachment":[{"href":"https:\/\/staging-00-20240617-1237.kizacreations.com\/index.php\/wp-json\/wp\/v2\/media?parent=1054"}],"wp:term":[{"taxonomy":"product_cat","embeddable":true,"href":"https:\/\/staging-00-20240617-1237.kizacreations.com\/index.php\/wp-json\/wp\/v2\/product_cat?post=1054"},{"taxonomy":"product_tag","embeddable":true,"href":"https:\/\/staging-00-20240617-1237.kizacreations.com\/index.php\/wp-json\/wp\/v2\/product_tag?post=1054"}],"curies":[{"name":"wp","href":"https:\/\/api.w.org\/{rel}","templated":true}]}}